{"id":1371,"date":"2025-05-03T21:43:39","date_gmt":"2025-05-03T21:43:39","guid":{"rendered":"https:\/\/www.volleyball-ostsee-schmuck.de\/?page_id=1371"},"modified":"2025-05-03T21:55:05","modified_gmt":"2025-05-03T21:55:05","slug":"kids","status":"publish","type":"page","link":"https:\/\/www.volleyball-ostsee-schmuck.de\/?page_id=1371","title":{"rendered":"Kids"},"content":{"rendered":"\t\t<div data-elementor-type=\"wp-page\" data-elementor-id=\"1371\" class=\"elementor elementor-1371\">\n\t\t\t\t\t\t<section class=\"elementor-section elementor-top-section elementor-element elementor-element-c23f8a4 elementor-section-boxed elementor-section-height-default elementor-section-height-default\" data-id=\"c23f8a4\" data-element_type=\"section\">\n\t\t\t\t\t\t<div class=\"elementor-container elementor-column-gap-default\">\n\t\t\t\t\t<div class=\"elementor-column elementor-col-100 elementor-top-column elementor-element elementor-element-5fd0abc\" data-id=\"5fd0abc\" data-element_type=\"column\">\n\t\t\t<div class=\"elementor-widget-wrap elementor-element-populated\">\n\t\t\t\t\t\t<div class=\"elementor-element elementor-element-fe42f16 elementor-widget elementor-widget-heading\" data-id=\"fe42f16\" data-element_type=\"widget\" data-widget_type=\"heading.default\">\n\t\t\t\t<div class=\"elementor-widget-container\">\n\t\t\t\t\t<h2 class=\"elementor-heading-title elementor-size-default\">Kids Teams<\/h2>\t\t\t\t<\/div>\n\t\t\t\t<\/div>\n\t\t\t\t\t<\/div>\n\t\t<\/div>\n\t\t\t\t\t<\/div>\n\t\t<\/section>\n\t\t\t\t<section class=\"elementor-section elementor-top-section elementor-element elementor-element-fe18b1b elementor-section-boxed elementor-section-height-default elementor-section-height-default\" data-id=\"fe18b1b\" data-element_type=\"section\">\n\t\t\t\t\t\t<div class=\"elementor-container elementor-column-gap-default\">\n\t\t\t\t\t<div class=\"elementor-column elementor-col-100 elementor-top-column elementor-element elementor-element-2055c05\" data-id=\"2055c05\" data-element_type=\"column\">\n\t\t\t<div class=\"elementor-widget-wrap elementor-element-populated\">\n\t\t\t\t\t\t<div class=\"elementor-element elementor-element-1342910 elementor-widget elementor-widget-image\" data-id=\"1342910\" data-element_type=\"widget\" data-widget_type=\"image.default\">\n\t\t\t\t<div class=\"elementor-widget-container\">\n\t\t\t\t\t\t\t\t\t\t\t\t\t\t\t<img fetchpriority=\"high\" decoding=\"async\" width=\"800\" height=\"347\" src=\"https:\/\/www.volleyball-ostsee-schmuck.de\/wordpress\/wp-content\/uploads\/2025\/05\/WhatsApp-Image-2025-05-03-at-16.37.03-1-1024x444.jpeg\" class=\"attachment-large size-large wp-image-921\" alt=\"\" srcset=\"https:\/\/www.volleyball-ostsee-schmuck.de\/wordpress\/wp-content\/uploads\/2025\/05\/WhatsApp-Image-2025-05-03-at-16.37.03-1-1024x444.jpeg 1024w, https:\/\/www.volleyball-ostsee-schmuck.de\/wordpress\/wp-content\/uploads\/2025\/05\/WhatsApp-Image-2025-05-03-at-16.37.03-1-300x130.jpeg 300w, https:\/\/www.volleyball-ostsee-schmuck.de\/wordpress\/wp-content\/uploads\/2025\/05\/WhatsApp-Image-2025-05-03-at-16.37.03-1-768x333.jpeg 768w, https:\/\/www.volleyball-ostsee-schmuck.de\/wordpress\/wp-content\/uploads\/2025\/05\/WhatsApp-Image-2025-05-03-at-16.37.03-1.jpeg 1386w\" sizes=\"(max-width: 800px) 100vw, 800px\" \/>\t\t\t\t\t\t\t\t\t\t\t\t\t\t\t<\/div>\n\t\t\t\t<\/div>\n\t\t\t\t<div class=\"elementor-element elementor-element-9503843 elementor-widget elementor-widget-text-editor\" data-id=\"9503843\" data-element_type=\"widget\" data-widget_type=\"text-editor.default\">\n\t\t\t\t<div class=\"elementor-widget-container\">\n\t\t\t\t\t\t\t\t\t<p style=\"text-align: center;\">Aufgeteilt in 3 Trainingsgruppen geben Heike, Martina und Gerd unseren Kids <br \/>den ersten Einblick in den Sport bis sie in die Liga Teams \u00fcbertreten.<\/p><p style=\"text-align: center;\">Gerd trainiert unsere j\u00fcnsten Mitglieder von 6 &#8211; 8 Jahre <br \/>immer montags in der Halle in Blankenhagen.<\/p><p style=\"text-align: center;\">Martina \u00fcbernimmt bei uns das Training der 9 &#8211; 13 Jahre alten Spieler. <br \/>Schon viele unserer Erwachsenen haben bei Martina im Kindesalter Volleyball gelernt.<br \/>Ihre Trainingsgruppe spielt Mittwoch in Ribnitz.<\/p><p style=\"text-align: center;\">Die &#8222;gr\u00f6\u00dften&#8220; Kids sind in der Trainingsgruppe von Heike.<br \/>Sie trainiert die 14 &#8211; 16 J\u00e4hrigen. Viele ihrer Kids sind bereits in der <br \/>Jugend Mixmannschaft oder auch bei den Erwachsenen eingestiegen. <br \/>Die Trainingsgruppe spielt parallel auch am Mittwoch.<\/p><p>\u00a0<\/p><p style=\"text-align: center;\">F\u00fcr Probetrainings meldet euch gern bei uns auf Facebook, Instagram oder<br \/>per Mail unter<a href=\"mailto:ostseeschmuck-ribnitz@t-online.de\"> ostseeschmuck-ribnitz@t-online.de<\/a>.<\/p>\t\t\t\t\t\t\t\t<\/div>\n\t\t\t\t<\/div>\n\t\t\t\t\t<\/div>\n\t\t<\/div>\n\t\t\t\t\t<\/div>\n\t\t<\/section>\n\t\t\t\t<\/div>\n\t\t","protected":false},"excerpt":{"rendered":"<p>Kids Teams Aufgeteilt in 3 Trainingsgruppen geben Heike, Martina und Gerd unseren Kids den ersten Einblick in den Sport bis sie in die Liga Teams \u00fcbertreten. Gerd trainiert unsere j\u00fcnsten Mitglieder von 6 &#8211; 8 Jahre immer montags in der Halle in Blankenhagen. Martina \u00fcbernimmt bei uns das Training der 9 &#8211; 13 Jahre alten Spieler. Schon viele unserer Erwachsenen haben bei Martina im Kindesalter Volleyball gelernt.Ihre Trainingsgruppe spielt Mittwoch in Ribnitz. Die &#8222;gr\u00f6\u00dften&#8220; Kids sind in der Trainingsgruppe von Heike.Sie trainiert die 14 &#8211; 16 J\u00e4hrigen. Viele ihrer Kids sind bereits in der Jugend Mixmannschaft oder auch bei den Erwachsenen eingestiegen. Die Trainingsgruppe spielt parallel auch am Mittwoch. \u00a0 F\u00fcr Probetrainings meldet euch gern bei uns auf Facebook, Instagram oderper Mail unter ostseeschmuck-ribnitz@t-online.de.<\/p>\n","protected":false},"author":5,"featured_media":1339,"parent":1340,"menu_order":4,"comment_status":"closed","ping_status":"closed","template":"","meta":{"footnotes":""},"class_list":["post-1371","page","type-page","status-publish","has-post-thumbnail"],"_links":{"self":[{"href":"https:\/\/www.volleyball-ostsee-schmuck.de\/index.php?rest_route=\/wp\/v2\/pages\/1371","targetHints":{"allow":["GET"]}}],"collection":[{"href":"https:\/\/www.volleyball-ostsee-schmuck.de\/index.php?rest_route=\/wp\/v2\/pages"}],"about":[{"href":"https:\/\/www.volleyball-ostsee-schmuck.de\/index.php?rest_route=\/wp\/v2\/types\/page"}],"author":[{"embeddable":true,"href":"https:\/\/www.volleyball-ostsee-schmuck.de\/index.php?rest_route=\/wp\/v2\/users\/5"}],"replies":[{"embeddable":true,"href":"https:\/\/www.volleyball-ostsee-schmuck.de\/index.php?rest_route=%2Fwp%2Fv2%2Fcomments&post=1371"}],"version-history":[{"count":7,"href":"https:\/\/www.volleyball-ostsee-schmuck.de\/index.php?rest_route=\/wp\/v2\/pages\/1371\/revisions"}],"predecessor-version":[{"id":1387,"href":"https:\/\/www.volleyball-ostsee-schmuck.de\/index.php?rest_route=\/wp\/v2\/pages\/1371\/revisions\/1387"}],"up":[{"embeddable":true,"href":"https:\/\/www.volleyball-ostsee-schmuck.de\/index.php?rest_route=\/wp\/v2\/pages\/1340"}],"wp:featuredmedia":[{"embeddable":true,"href":"https:\/\/www.volleyball-ostsee-schmuck.de\/index.php?rest_route=\/wp\/v2\/media\/1339"}],"wp:attachment":[{"href":"https:\/\/www.volleyball-ostsee-schmuck.de\/index.php?rest_route=%2Fwp%2Fv2%2Fmedia&parent=1371"}],"curies":[{"name":"wp","href":"https:\/\/api.w.org\/{rel}","templated":true}]}}