{"id":372,"date":"2020-05-09T14:11:57","date_gmt":"2020-05-09T14:11:57","guid":{"rendered":"https:\/\/www.volleyball-ostsee-schmuck.de\/?page_id=372"},"modified":"2025-05-03T21:58:39","modified_gmt":"2025-05-03T21:58:39","slug":"mix-erwachsene","status":"publish","type":"page","link":"https:\/\/www.volleyball-ostsee-schmuck.de\/?page_id=372","title":{"rendered":"Mix Erwachsene"},"content":{"rendered":"\t\t<div data-elementor-type=\"wp-page\" data-elementor-id=\"372\" class=\"elementor elementor-372\">\n\t\t\t\t\t\t<section class=\"elementor-section elementor-top-section elementor-element elementor-element-d75d35d elementor-section-boxed elementor-section-height-default elementor-section-height-default\" data-id=\"d75d35d\" data-element_type=\"section\">\n\t\t\t\t\t\t<div class=\"elementor-container elementor-column-gap-default\">\n\t\t\t\t\t<div class=\"elementor-column elementor-col-100 elementor-top-column elementor-element elementor-element-d293124\" data-id=\"d293124\" data-element_type=\"column\">\n\t\t\t<div class=\"elementor-widget-wrap elementor-element-populated\">\n\t\t\t\t\t\t<div class=\"elementor-element elementor-element-532c4d9 elementor-widget elementor-widget-heading\" data-id=\"532c4d9\" data-element_type=\"widget\" data-widget_type=\"heading.default\">\n\t\t\t\t<div class=\"elementor-widget-container\">\n\t\t\t\t\t<h2 class=\"elementor-heading-title elementor-size-default\">Mixmannschaft Erwachsene\u200b<\/h2>\t\t\t\t<\/div>\n\t\t\t\t<\/div>\n\t\t\t\t<div class=\"elementor-element elementor-element-48a0ac5 elementor-widget elementor-widget-image\" data-id=\"48a0ac5\" data-element_type=\"widget\" data-widget_type=\"image.default\">\n\t\t\t\t<div class=\"elementor-widget-container\">\n\t\t\t\t\t\t\t\t\t\t\t\t\t\t\t<img fetchpriority=\"high\" decoding=\"async\" width=\"800\" height=\"600\" src=\"https:\/\/www.volleyball-ostsee-schmuck.de\/wordpress\/wp-content\/uploads\/2025\/05\/WhatsApp-Image-2025-05-03-at-16.47.57-1024x768.jpeg\" class=\"attachment-large size-large wp-image-875\" alt=\"\" srcset=\"https:\/\/www.volleyball-ostsee-schmuck.de\/wordpress\/wp-content\/uploads\/2025\/05\/WhatsApp-Image-2025-05-03-at-16.47.57-1024x768.jpeg 1024w, https:\/\/www.volleyball-ostsee-schmuck.de\/wordpress\/wp-content\/uploads\/2025\/05\/WhatsApp-Image-2025-05-03-at-16.47.57-300x225.jpeg 300w, https:\/\/www.volleyball-ostsee-schmuck.de\/wordpress\/wp-content\/uploads\/2025\/05\/WhatsApp-Image-2025-05-03-at-16.47.57-768x576.jpeg 768w, https:\/\/www.volleyball-ostsee-schmuck.de\/wordpress\/wp-content\/uploads\/2025\/05\/WhatsApp-Image-2025-05-03-at-16.47.57-1536x1152.jpeg 1536w, https:\/\/www.volleyball-ostsee-schmuck.de\/wordpress\/wp-content\/uploads\/2025\/05\/WhatsApp-Image-2025-05-03-at-16.47.57.jpeg 1600w\" sizes=\"(max-width: 800px) 100vw, 800px\" \/>\t\t\t\t\t\t\t\t\t\t\t\t\t\t\t<\/div>\n\t\t\t\t<\/div>\n\t\t\t\t<div class=\"elementor-element elementor-element-dc476c7 elementor-widget elementor-widget-text-editor\" data-id=\"dc476c7\" data-element_type=\"widget\" data-widget_type=\"text-editor.default\">\n\t\t\t\t<div class=\"elementor-widget-container\">\n\t\t\t\t\t\t\t\t\t<p style=\"text-align: center;\">Unser Team nimmt als\u00a0 Mixmannschaft am regul\u00e4ren Spielbetrieb der Stadtliga Rostock teil.<br \/>Hier findet ihr einen <a href=\"https:\/\/volleyball-liga.de\/rostock\/match\/results\"><strong>Zwischenstand<\/strong><\/a> zu unseren Spielen und Ergebnissen.<\/p>\n<p style=\"text-align: center;\"><strong>Unsere Mannschaft 2024 \/ 2025:<\/strong><br \/>v.l.n.r. hinten: Frank, Heike, Mario, Max<br \/>vorn: Raman, Bj\u00f6rn, Emily, Milena<\/p>\n<p style=\"text-align: center;\">au\u00dferdem in der Mannschaft: Anja, Gerd, Tini, Nash, Ren\u00e9, Wiebke<\/p>\n<p style=\"text-align: center;\">Weiterhin sind wir regelm\u00e4\u00dfig bei Freizeit-Mixturnieren vertreten.<\/p>\n<p style=\"text-align: center;\">\u00a0<\/p>\n<p style=\"text-align: center;\">F\u00fcr Probetrainings meldet euch gern bei uns auf Facebook, Instagram oder<br \/>per Mail unter<a href=\"mailto:ostseeschmuck-ribnitz@t-online.de\"> ostseeschmuck-ribnitz@t-online.de<\/a>.<\/p>\n<div>\u00a0<\/div>\n<div>\u00a0<\/div>\t\t\t\t\t\t\t\t<\/div>\n\t\t\t\t<\/div>\n\t\t\t\t\t<\/div>\n\t\t<\/div>\n\t\t\t\t\t<\/div>\n\t\t<\/section>\n\t\t\t\t<section class=\"elementor-section elementor-top-section elementor-element elementor-element-3f35d3b elementor-section-boxed elementor-section-height-default elementor-section-height-default\" data-id=\"3f35d3b\" data-element_type=\"section\">\n\t\t\t\t\t\t<div class=\"elementor-container elementor-column-gap-default\">\n\t\t\t\t\t<div class=\"elementor-column elementor-col-100 elementor-top-column elementor-element elementor-element-a8c04da\" data-id=\"a8c04da\" data-element_type=\"column\">\n\t\t\t<div class=\"elementor-widget-wrap elementor-element-populated\">\n\t\t\t\t\t\t<div class=\"elementor-element elementor-element-211dd61 elementor-widget elementor-widget-image-gallery\" data-id=\"211dd61\" data-element_type=\"widget\" data-widget_type=\"image-gallery.default\">\n\t\t\t\t<div class=\"elementor-widget-container\">\n\t\t\t\t\t\t\t<div class=\"elementor-image-gallery\">\n\t\t\t<div id='gallery-1' class='gallery galleryid-372 gallery-columns-4 gallery-size-thumbnail'><figure class='gallery-item'>\n\t\t\t<div class='gallery-icon landscape'>\n\t\t\t\t<a data-elementor-open-lightbox=\"yes\" data-elementor-lightbox-slideshow=\"211dd61\" data-e-action-hash=\"#elementor-action%3Aaction%3Dlightbox%26settings%3DeyJpZCI6OTA5LCJ1cmwiOiJodHRwczpcL1wvd3d3LnZvbGxleWJhbGwtb3N0c2VlLXNjaG11Y2suZGVcL3dvcmRwcmVzc1wvd3AtY29udGVudFwvdXBsb2Fkc1wvMjAyNVwvMDVcL1doYXRzQXBwLUltYWdlLTIwMjUtMDUtMDMtYXQtMTYuNDEuMzUuanBlZyIsInNsaWRlc2hvdyI6IjIxMWRkNjEifQ%3D%3D\" href='https:\/\/www.volleyball-ostsee-schmuck.de\/wordpress\/wp-content\/uploads\/2025\/05\/WhatsApp-Image-2025-05-03-at-16.41.35.jpeg'><img decoding=\"async\" width=\"150\" height=\"150\" src=\"https:\/\/www.volleyball-ostsee-schmuck.de\/wordpress\/wp-content\/uploads\/2025\/05\/WhatsApp-Image-2025-05-03-at-16.41.35-150x150.jpeg\" class=\"attachment-thumbnail size-thumbnail\" alt=\"\" \/><\/a>\n\t\t\t<\/div><\/figure><figure class='gallery-item'>\n\t\t\t<div class='gallery-icon landscape'>\n\t\t\t\t<a data-elementor-open-lightbox=\"yes\" data-elementor-lightbox-slideshow=\"211dd61\" data-e-action-hash=\"#elementor-action%3Aaction%3Dlightbox%26settings%3DeyJpZCI6OTA4LCJ1cmwiOiJodHRwczpcL1wvd3d3LnZvbGxleWJhbGwtb3N0c2VlLXNjaG11Y2suZGVcL3dvcmRwcmVzc1wvd3AtY29udGVudFwvdXBsb2Fkc1wvMjAyNVwvMDVcL1doYXRzQXBwLUltYWdlLTIwMjUtMDUtMDMtYXQtMTYuNDEuMzUxLmpwZWciLCJzbGlkZXNob3ciOiIyMTFkZDYxIn0%3D\" href='https:\/\/www.volleyball-ostsee-schmuck.de\/wordpress\/wp-content\/uploads\/2025\/05\/WhatsApp-Image-2025-05-03-at-16.41.351.jpeg'><img decoding=\"async\" width=\"150\" height=\"150\" src=\"https:\/\/www.volleyball-ostsee-schmuck.de\/wordpress\/wp-content\/uploads\/2025\/05\/WhatsApp-Image-2025-05-03-at-16.41.351-150x150.jpeg\" class=\"attachment-thumbnail size-thumbnail\" alt=\"\" \/><\/a>\n\t\t\t<\/div><\/figure><figure class='gallery-item'>\n\t\t\t<div class='gallery-icon landscape'>\n\t\t\t\t<a data-elementor-open-lightbox=\"yes\" data-elementor-lightbox-slideshow=\"211dd61\" data-e-action-hash=\"#elementor-action%3Aaction%3Dlightbox%26settings%3DeyJpZCI6MzQzLCJ1cmwiOiJodHRwczpcL1wvd3d3LnZvbGxleWJhbGwtb3N0c2VlLXNjaG11Y2suZGVcL3dvcmRwcmVzc1wvd3AtY29udGVudFwvdXBsb2Fkc1wvMjAyMFwvMDVcL20yLmpwZyIsInNsaWRlc2hvdyI6IjIxMWRkNjEifQ%3D%3D\" href='https:\/\/www.volleyball-ostsee-schmuck.de\/wordpress\/wp-content\/uploads\/2020\/05\/m2.jpg'><img loading=\"lazy\" decoding=\"async\" width=\"150\" height=\"150\" src=\"https:\/\/www.volleyball-ostsee-schmuck.de\/wordpress\/wp-content\/uploads\/2020\/05\/m2-150x150.jpg\" class=\"attachment-thumbnail size-thumbnail\" alt=\"\" \/><\/a>\n\t\t\t<\/div><\/figure><figure class='gallery-item'>\n\t\t\t<div class='gallery-icon portrait'>\n\t\t\t\t<a data-elementor-open-lightbox=\"yes\" data-elementor-lightbox-slideshow=\"211dd61\" data-e-action-hash=\"#elementor-action%3Aaction%3Dlightbox%26settings%3DeyJpZCI6MzQ0LCJ1cmwiOiJodHRwczpcL1wvd3d3LnZvbGxleWJhbGwtb3N0c2VlLXNjaG11Y2suZGVcL3dvcmRwcmVzc1wvd3AtY29udGVudFwvdXBsb2Fkc1wvMjAyMFwvMDVcL20zLmpwZyIsInNsaWRlc2hvdyI6IjIxMWRkNjEifQ%3D%3D\" href='https:\/\/www.volleyball-ostsee-schmuck.de\/wordpress\/wp-content\/uploads\/2020\/05\/m3.jpg'><img loading=\"lazy\" decoding=\"async\" width=\"150\" height=\"150\" src=\"https:\/\/www.volleyball-ostsee-schmuck.de\/wordpress\/wp-content\/uploads\/2020\/05\/m3-150x150.jpg\" class=\"attachment-thumbnail size-thumbnail\" alt=\"\" \/><\/a>\n\t\t\t<\/div><\/figure><figure class='gallery-item'>\n\t\t\t<div class='gallery-icon landscape'>\n\t\t\t\t<a data-elementor-open-lightbox=\"yes\" data-elementor-lightbox-slideshow=\"211dd61\" data-e-action-hash=\"#elementor-action%3Aaction%3Dlightbox%26settings%3DeyJpZCI6MTM4OCwidXJsIjoiaHR0cHM6XC9cL3d3dy52b2xsZXliYWxsLW9zdHNlZS1zY2htdWNrLmRlXC93b3JkcHJlc3NcL3dwLWNvbnRlbnRcL3VwbG9hZHNcLzIwMjVcLzA1XC9XaGF0c0FwcC1JbWFnZS0yMDI1LTA1LTAzLWF0LTIzLjM5LjA5LmpwZWciLCJzbGlkZXNob3ciOiIyMTFkZDYxIn0%3D\" href='https:\/\/www.volleyball-ostsee-schmuck.de\/wordpress\/wp-content\/uploads\/2025\/05\/WhatsApp-Image-2025-05-03-at-23.39.09.jpeg'><img loading=\"lazy\" decoding=\"async\" width=\"150\" height=\"150\" src=\"https:\/\/www.volleyball-ostsee-schmuck.de\/wordpress\/wp-content\/uploads\/2025\/05\/WhatsApp-Image-2025-05-03-at-23.39.09-150x150.jpeg\" class=\"attachment-thumbnail size-thumbnail\" alt=\"\" \/><\/a>\n\t\t\t<\/div><\/figure><figure class='gallery-item'>\n\t\t\t<div class='gallery-icon portrait'>\n\t\t\t\t<a data-elementor-open-lightbox=\"yes\" data-elementor-lightbox-slideshow=\"211dd61\" data-e-action-hash=\"#elementor-action%3Aaction%3Dlightbox%26settings%3DeyJpZCI6MzQ1LCJ1cmwiOiJodHRwczpcL1wvd3d3LnZvbGxleWJhbGwtb3N0c2VlLXNjaG11Y2suZGVcL3dvcmRwcmVzc1wvd3AtY29udGVudFwvdXBsb2Fkc1wvMjAyMFwvMDVcL200LmpwZyIsInNsaWRlc2hvdyI6IjIxMWRkNjEifQ%3D%3D\" href='https:\/\/www.volleyball-ostsee-schmuck.de\/wordpress\/wp-content\/uploads\/2020\/05\/m4.jpg'><img loading=\"lazy\" decoding=\"async\" width=\"150\" height=\"150\" src=\"https:\/\/www.volleyball-ostsee-schmuck.de\/wordpress\/wp-content\/uploads\/2020\/05\/m4-150x150.jpg\" class=\"attachment-thumbnail size-thumbnail\" alt=\"\" \/><\/a>\n\t\t\t<\/div><\/figure><figure class='gallery-item'>\n\t\t\t<div class='gallery-icon landscape'>\n\t\t\t\t<a data-elementor-open-lightbox=\"yes\" data-elementor-lightbox-slideshow=\"211dd61\" data-e-action-hash=\"#elementor-action%3Aaction%3Dlightbox%26settings%3DeyJpZCI6MzU0LCJ1cmwiOiJodHRwczpcL1wvd3d3LnZvbGxleWJhbGwtb3N0c2VlLXNjaG11Y2suZGVcL3dvcmRwcmVzc1wvd3AtY29udGVudFwvdXBsb2Fkc1wvMjAyMFwvMDVcL20xMy5qcGciLCJzbGlkZXNob3ciOiIyMTFkZDYxIn0%3D\" href='https:\/\/www.volleyball-ostsee-schmuck.de\/wordpress\/wp-content\/uploads\/2020\/05\/m13.jpg'><img loading=\"lazy\" decoding=\"async\" width=\"150\" height=\"150\" src=\"https:\/\/www.volleyball-ostsee-schmuck.de\/wordpress\/wp-content\/uploads\/2020\/05\/m13-150x150.jpg\" class=\"attachment-thumbnail size-thumbnail\" alt=\"\" \/><\/a>\n\t\t\t<\/div><\/figure><figure class='gallery-item'>\n\t\t\t<div class='gallery-icon landscape'>\n\t\t\t\t<a data-elementor-open-lightbox=\"yes\" data-elementor-lightbox-slideshow=\"211dd61\" data-e-action-hash=\"#elementor-action%3Aaction%3Dlightbox%26settings%3DeyJpZCI6MzUyLCJ1cmwiOiJodHRwczpcL1wvd3d3LnZvbGxleWJhbGwtb3N0c2VlLXNjaG11Y2suZGVcL3dvcmRwcmVzc1wvd3AtY29udGVudFwvdXBsb2Fkc1wvMjAyMFwvMDVcL20xMS5qcGciLCJzbGlkZXNob3ciOiIyMTFkZDYxIn0%3D\" href='https:\/\/www.volleyball-ostsee-schmuck.de\/wordpress\/wp-content\/uploads\/2020\/05\/m11.jpg'><img loading=\"lazy\" decoding=\"async\" width=\"150\" height=\"150\" src=\"https:\/\/www.volleyball-ostsee-schmuck.de\/wordpress\/wp-content\/uploads\/2020\/05\/m11-150x150.jpg\" class=\"attachment-thumbnail size-thumbnail\" alt=\"\" \/><\/a>\n\t\t\t<\/div><\/figure><figure class='gallery-item'>\n\t\t\t<div class='gallery-icon portrait'>\n\t\t\t\t<a data-elementor-open-lightbox=\"yes\" data-elementor-lightbox-slideshow=\"211dd61\" data-e-action-hash=\"#elementor-action%3Aaction%3Dlightbox%26settings%3DeyJpZCI6MzUzLCJ1cmwiOiJodHRwczpcL1wvd3d3LnZvbGxleWJhbGwtb3N0c2VlLXNjaG11Y2suZGVcL3dvcmRwcmVzc1wvd3AtY29udGVudFwvdXBsb2Fkc1wvMjAyMFwvMDVcL20xMi5qcGciLCJzbGlkZXNob3ciOiIyMTFkZDYxIn0%3D\" href='https:\/\/www.volleyball-ostsee-schmuck.de\/wordpress\/wp-content\/uploads\/2020\/05\/m12.jpg'><img loading=\"lazy\" decoding=\"async\" width=\"150\" height=\"150\" src=\"https:\/\/www.volleyball-ostsee-schmuck.de\/wordpress\/wp-content\/uploads\/2020\/05\/m12-150x150.jpg\" class=\"attachment-thumbnail size-thumbnail\" alt=\"\" \/><\/a>\n\t\t\t<\/div><\/figure><figure class='gallery-item'>\n\t\t\t<div class='gallery-icon landscape'>\n\t\t\t\t<a data-elementor-open-lightbox=\"yes\" data-elementor-lightbox-slideshow=\"211dd61\" data-e-action-hash=\"#elementor-action%3Aaction%3Dlightbox%26settings%3DeyJpZCI6MzUxLCJ1cmwiOiJodHRwczpcL1wvd3d3LnZvbGxleWJhbGwtb3N0c2VlLXNjaG11Y2suZGVcL3dvcmRwcmVzc1wvd3AtY29udGVudFwvdXBsb2Fkc1wvMjAyMFwvMDVcL20xMC5qcGciLCJzbGlkZXNob3ciOiIyMTFkZDYxIn0%3D\" href='https:\/\/www.volleyball-ostsee-schmuck.de\/wordpress\/wp-content\/uploads\/2020\/05\/m10.jpg'><img loading=\"lazy\" decoding=\"async\" width=\"150\" height=\"150\" src=\"https:\/\/www.volleyball-ostsee-schmuck.de\/wordpress\/wp-content\/uploads\/2020\/05\/m10-150x150.jpg\" class=\"attachment-thumbnail size-thumbnail\" alt=\"\" \/><\/a>\n\t\t\t<\/div><\/figure><figure class='gallery-item'>\n\t\t\t<div class='gallery-icon landscape'>\n\t\t\t\t<a data-elementor-open-lightbox=\"yes\" data-elementor-lightbox-slideshow=\"211dd61\" data-e-action-hash=\"#elementor-action%3Aaction%3Dlightbox%26settings%3DeyJpZCI6MzUwLCJ1cmwiOiJodHRwczpcL1wvd3d3LnZvbGxleWJhbGwtb3N0c2VlLXNjaG11Y2suZGVcL3dvcmRwcmVzc1wvd3AtY29udGVudFwvdXBsb2Fkc1wvMjAyMFwvMDVcL205LmpwZyIsInNsaWRlc2hvdyI6IjIxMWRkNjEifQ%3D%3D\" href='https:\/\/www.volleyball-ostsee-schmuck.de\/wordpress\/wp-content\/uploads\/2020\/05\/m9.jpg'><img loading=\"lazy\" decoding=\"async\" width=\"150\" height=\"150\" src=\"https:\/\/www.volleyball-ostsee-schmuck.de\/wordpress\/wp-content\/uploads\/2020\/05\/m9-150x150.jpg\" class=\"attachment-thumbnail size-thumbnail\" alt=\"\" \/><\/a>\n\t\t\t<\/div><\/figure><figure class='gallery-item'>\n\t\t\t<div class='gallery-icon portrait'>\n\t\t\t\t<a data-elementor-open-lightbox=\"yes\" data-elementor-lightbox-slideshow=\"211dd61\" data-e-action-hash=\"#elementor-action%3Aaction%3Dlightbox%26settings%3DeyJpZCI6MzQ3LCJ1cmwiOiJodHRwczpcL1wvd3d3LnZvbGxleWJhbGwtb3N0c2VlLXNjaG11Y2suZGVcL3dvcmRwcmVzc1wvd3AtY29udGVudFwvdXBsb2Fkc1wvMjAyMFwvMDVcL202LmpwZyIsInNsaWRlc2hvdyI6IjIxMWRkNjEifQ%3D%3D\" href='https:\/\/www.volleyball-ostsee-schmuck.de\/wordpress\/wp-content\/uploads\/2020\/05\/m6.jpg'><img loading=\"lazy\" decoding=\"async\" width=\"150\" height=\"150\" src=\"https:\/\/www.volleyball-ostsee-schmuck.de\/wordpress\/wp-content\/uploads\/2020\/05\/m6-150x150.jpg\" class=\"attachment-thumbnail size-thumbnail\" alt=\"\" \/><\/a>\n\t\t\t<\/div><\/figure><figure class='gallery-item'>\n\t\t\t<div class='gallery-icon portrait'>\n\t\t\t\t<a data-elementor-open-lightbox=\"yes\" data-elementor-lightbox-slideshow=\"211dd61\" data-e-action-hash=\"#elementor-action%3Aaction%3Dlightbox%26settings%3DeyJpZCI6MTM4OSwidXJsIjoiaHR0cHM6XC9cL3d3dy52b2xsZXliYWxsLW9zdHNlZS1zY2htdWNrLmRlXC93b3JkcHJlc3NcL3dwLWNvbnRlbnRcL3VwbG9hZHNcLzIwMjVcLzA1XC9XaGF0c0FwcC1JbWFnZS0yMDI1LTA1LTAzLWF0LTIzLjM5LjI4LmpwZWciLCJzbGlkZXNob3ciOiIyMTFkZDYxIn0%3D\" href='https:\/\/www.volleyball-ostsee-schmuck.de\/wordpress\/wp-content\/uploads\/2025\/05\/WhatsApp-Image-2025-05-03-at-23.39.28.jpeg'><img loading=\"lazy\" decoding=\"async\" width=\"150\" height=\"150\" src=\"https:\/\/www.volleyball-ostsee-schmuck.de\/wordpress\/wp-content\/uploads\/2025\/05\/WhatsApp-Image-2025-05-03-at-23.39.28-150x150.jpeg\" class=\"attachment-thumbnail size-thumbnail\" alt=\"\" \/><\/a>\n\t\t\t<\/div><\/figure><figure class='gallery-item'>\n\t\t\t<div class='gallery-icon portrait'>\n\t\t\t\t<a data-elementor-open-lightbox=\"yes\" data-elementor-lightbox-slideshow=\"211dd61\" data-e-action-hash=\"#elementor-action%3Aaction%3Dlightbox%26settings%3DeyJpZCI6MzQ5LCJ1cmwiOiJodHRwczpcL1wvd3d3LnZvbGxleWJhbGwtb3N0c2VlLXNjaG11Y2suZGVcL3dvcmRwcmVzc1wvd3AtY29udGVudFwvdXBsb2Fkc1wvMjAyMFwvMDVcL204LmpwZyIsInNsaWRlc2hvdyI6IjIxMWRkNjEifQ%3D%3D\" href='https:\/\/www.volleyball-ostsee-schmuck.de\/wordpress\/wp-content\/uploads\/2020\/05\/m8.jpg'><img loading=\"lazy\" decoding=\"async\" width=\"150\" height=\"150\" src=\"https:\/\/www.volleyball-ostsee-schmuck.de\/wordpress\/wp-content\/uploads\/2020\/05\/m8-150x150.jpg\" class=\"attachment-thumbnail size-thumbnail\" alt=\"\" \/><\/a>\n\t\t\t<\/div><\/figure><figure class='gallery-item'>\n\t\t\t<div class='gallery-icon portrait'>\n\t\t\t\t<a data-elementor-open-lightbox=\"yes\" data-elementor-lightbox-slideshow=\"211dd61\" data-e-action-hash=\"#elementor-action%3Aaction%3Dlightbox%26settings%3DeyJpZCI6MzQ2LCJ1cmwiOiJodHRwczpcL1wvd3d3LnZvbGxleWJhbGwtb3N0c2VlLXNjaG11Y2suZGVcL3dvcmRwcmVzc1wvd3AtY29udGVudFwvdXBsb2Fkc1wvMjAyMFwvMDVcL201LmpwZyIsInNsaWRlc2hvdyI6IjIxMWRkNjEifQ%3D%3D\" href='https:\/\/www.volleyball-ostsee-schmuck.de\/wordpress\/wp-content\/uploads\/2020\/05\/m5.jpg'><img loading=\"lazy\" decoding=\"async\" width=\"150\" height=\"150\" src=\"https:\/\/www.volleyball-ostsee-schmuck.de\/wordpress\/wp-content\/uploads\/2020\/05\/m5-150x150.jpg\" class=\"attachment-thumbnail size-thumbnail\" alt=\"\" \/><\/a>\n\t\t\t<\/div><\/figure><figure class='gallery-item'>\n\t\t\t<div class='gallery-icon landscape'>\n\t\t\t\t<a data-elementor-open-lightbox=\"yes\" data-elementor-lightbox-slideshow=\"211dd61\" data-e-action-hash=\"#elementor-action%3Aaction%3Dlightbox%26settings%3DeyJpZCI6MTM5MCwidXJsIjoiaHR0cHM6XC9cL3d3dy52b2xsZXliYWxsLW9zdHNlZS1zY2htdWNrLmRlXC93b3JkcHJlc3NcL3dwLWNvbnRlbnRcL3VwbG9hZHNcLzIwMjVcLzA1XC9XaGF0c0FwcC1JbWFnZS0yMDI1LTA1LTAzLWF0LTIzLjM5LjU0LmpwZWciLCJzbGlkZXNob3ciOiIyMTFkZDYxIn0%3D\" href='https:\/\/www.volleyball-ostsee-schmuck.de\/wordpress\/wp-content\/uploads\/2025\/05\/WhatsApp-Image-2025-05-03-at-23.39.54.jpeg'><img loading=\"lazy\" decoding=\"async\" width=\"150\" height=\"150\" src=\"https:\/\/www.volleyball-ostsee-schmuck.de\/wordpress\/wp-content\/uploads\/2025\/05\/WhatsApp-Image-2025-05-03-at-23.39.54-150x150.jpeg\" class=\"attachment-thumbnail size-thumbnail\" alt=\"\" \/><\/a>\n\t\t\t<\/div><\/figure>\n\t\t<\/div>\n\t\t<\/div>\n\t\t\t\t\t\t<\/div>\n\t\t\t\t<\/div>\n\t\t\t\t\t<\/div>\n\t\t<\/div>\n\t\t\t\t\t<\/div>\n\t\t<\/section>\n\t\t\t\t<\/div>\n\t\t","protected":false},"excerpt":{"rendered":"<p>Mixmannschaft Erwachsene\u200b Unser Team nimmt als\u00a0 Mixmannschaft am regul\u00e4ren Spielbetrieb der Stadtliga Rostock teil.Hier findet ihr einen Zwischenstand zu unseren Spielen und Ergebnissen. Unsere Mannschaft 2024 \/ 2025:v.l.n.r. hinten: Frank, Heike, Mario, Maxvorn: Raman, Bj\u00f6rn, Emily, Milena au\u00dferdem in der Mannschaft: Anja, Gerd, Tini, Nash, Ren\u00e9, Wiebke Weiterhin sind wir regelm\u00e4\u00dfig bei Freizeit-Mixturnieren vertreten. \u00a0 F\u00fcr Probetrainings meldet euch gern bei uns auf Facebook, Instagram oderper Mail unter ostseeschmuck-ribnitz@t-online.de. \u00a0 \u00a0<\/p>\n","protected":false},"author":2,"featured_media":1339,"parent":1340,"menu_order":2,"comment_status":"closed","ping_status":"closed","template":"","meta":{"footnotes":""},"class_list":["post-372","page","type-page","status-publish","has-post-thumbnail"],"_links":{"self":[{"href":"https:\/\/www.volleyball-ostsee-schmuck.de\/index.php?rest_route=\/wp\/v2\/pages\/372","targetHints":{"allow":["GET"]}}],"collection":[{"href":"https:\/\/www.volleyball-ostsee-schmuck.de\/index.php?rest_route=\/wp\/v2\/pages"}],"about":[{"href":"https:\/\/www.volleyball-ostsee-schmuck.de\/index.php?rest_route=\/wp\/v2\/types\/page"}],"author":[{"embeddable":true,"href":"https:\/\/www.volleyball-ostsee-schmuck.de\/index.php?rest_route=\/wp\/v2\/users\/2"}],"replies":[{"embeddable":true,"href":"https:\/\/www.volleyball-ostsee-schmuck.de\/index.php?rest_route=%2Fwp%2Fv2%2Fcomments&post=372"}],"version-history":[{"count":15,"href":"https:\/\/www.volleyball-ostsee-schmuck.de\/index.php?rest_route=\/wp\/v2\/pages\/372\/revisions"}],"predecessor-version":[{"id":1394,"href":"https:\/\/www.volleyball-ostsee-schmuck.de\/index.php?rest_route=\/wp\/v2\/pages\/372\/revisions\/1394"}],"up":[{"embeddable":true,"href":"https:\/\/www.volleyball-ostsee-schmuck.de\/index.php?rest_route=\/wp\/v2\/pages\/1340"}],"wp:featuredmedia":[{"embeddable":true,"href":"https:\/\/www.volleyball-ostsee-schmuck.de\/index.php?rest_route=\/wp\/v2\/media\/1339"}],"wp:attachment":[{"href":"https:\/\/www.volleyball-ostsee-schmuck.de\/index.php?rest_route=%2Fwp%2Fv2%2Fmedia&parent=372"}],"curies":[{"name":"wp","href":"https:\/\/api.w.org\/{rel}","templated":true}]}}