{"id":387,"date":"2020-05-09T14:45:11","date_gmt":"2020-05-09T14:45:11","guid":{"rendered":"https:\/\/www.volleyball-ostsee-schmuck.de\/?page_id=387"},"modified":"2025-06-26T09:40:35","modified_gmt":"2025-06-26T09:40:35","slug":"events","status":"publish","type":"page","link":"https:\/\/www.volleyball-ostsee-schmuck.de\/?page_id=387","title":{"rendered":"Events"},"content":{"rendered":"\t\t<div data-elementor-type=\"wp-page\" data-elementor-id=\"387\" class=\"elementor elementor-387\">\n\t\t\t\t\t\t<section class=\"elementor-section elementor-top-section elementor-element elementor-element-407d41f elementor-section-boxed elementor-section-height-default elementor-section-height-default\" data-id=\"407d41f\" data-element_type=\"section\">\n\t\t\t\t\t\t<div class=\"elementor-container elementor-column-gap-default\">\n\t\t\t\t\t<div class=\"elementor-column elementor-col-100 elementor-top-column elementor-element elementor-element-dff714f\" data-id=\"dff714f\" data-element_type=\"column\">\n\t\t\t<div class=\"elementor-widget-wrap elementor-element-populated\">\n\t\t\t\t\t\t<div class=\"elementor-element elementor-element-3cecbaf elementor-widget elementor-widget-heading\" data-id=\"3cecbaf\" data-element_type=\"widget\" data-widget_type=\"heading.default\">\n\t\t\t\t<div class=\"elementor-widget-container\">\n\t\t\t\t\t<h2 class=\"elementor-heading-title elementor-size-default\">Nach dem Motto - \"alle Jahre wieder...\"<\/h2>\t\t\t\t<\/div>\n\t\t\t\t<\/div>\n\t\t\t\t\t<\/div>\n\t\t<\/div>\n\t\t\t\t\t<\/div>\n\t\t<\/section>\n\t\t\t\t<section class=\"elementor-section elementor-top-section elementor-element elementor-element-59ee4e5 elementor-section-boxed elementor-section-height-default elementor-section-height-default\" data-id=\"59ee4e5\" data-element_type=\"section\">\n\t\t\t\t\t\t<div class=\"elementor-container elementor-column-gap-default\">\n\t\t\t\t\t<div class=\"elementor-column elementor-col-100 elementor-top-column elementor-element elementor-element-5ed7260\" data-id=\"5ed7260\" data-element_type=\"column\">\n\t\t\t<div class=\"elementor-widget-wrap elementor-element-populated\">\n\t\t\t\t\t\t<div class=\"elementor-element elementor-element-28ad324 elementor-widget elementor-widget-text-editor\" data-id=\"28ad324\" data-element_type=\"widget\" data-widget_type=\"text-editor.default\">\n\t\t\t\t<div class=\"elementor-widget-container\">\n\t\t\t\t\t\t\t\t\t<p>&#8230; richten wir regelm\u00e4\u00dfig unser beliebtes Mixturnier &#8222;MuschelMix&#8220;, sowie den legend\u00e4ren &#8222;Bonsai-Beach-Cup Dierhagen&#8220; aus.\u00a0 Im Sommer findet f\u00fcr unsere Kids jedes Jahr in der ersten Ferienwoche das Jugend Beach Camp statt. Au\u00dferdem freuen wir uns jedes Jahr erneut auf die Teilnahme am &#8222;Volleyballsommer in Wittenberge&#8220;.<\/p>\t\t\t\t\t\t\t\t<\/div>\n\t\t\t\t<\/div>\n\t\t\t\t\t<\/div>\n\t\t<\/div>\n\t\t\t\t\t<\/div>\n\t\t<\/section>\n\t\t\t\t<section class=\"elementor-section elementor-top-section elementor-element elementor-element-c284960 elementor-section-boxed elementor-section-height-default elementor-section-height-default\" data-id=\"c284960\" data-element_type=\"section\">\n\t\t\t\t\t\t<div class=\"elementor-container elementor-column-gap-default\">\n\t\t\t\t\t<div class=\"elementor-column elementor-col-100 elementor-top-column elementor-element elementor-element-ba44634\" data-id=\"ba44634\" data-element_type=\"column\">\n\t\t\t<div class=\"elementor-widget-wrap elementor-element-populated\">\n\t\t\t\t\t\t<div class=\"elementor-element elementor-element-9e2c11d elementor-position-top elementor-widget elementor-widget-image-box\" data-id=\"9e2c11d\" data-element_type=\"widget\" data-widget_type=\"image-box.default\">\n\t\t\t\t<div class=\"elementor-widget-container\">\n\t\t\t\t\t<div class=\"elementor-image-box-wrapper\"><figure class=\"elementor-image-box-img\"><a href=\"https:\/\/www.volleyball-ostsee-schmuck.de\/?page_id=2222\" tabindex=\"-1\"><img fetchpriority=\"high\" decoding=\"async\" width=\"2560\" height=\"1714\" src=\"https:\/\/www.volleyball-ostsee-schmuck.de\/wordpress\/wp-content\/uploads\/2025\/06\/DSC_0592-scaled.jpg\" class=\"attachment-full size-full wp-image-1830\" alt=\"\" srcset=\"https:\/\/www.volleyball-ostsee-schmuck.de\/wordpress\/wp-content\/uploads\/2025\/06\/DSC_0592-scaled.jpg 2560w, https:\/\/www.volleyball-ostsee-schmuck.de\/wordpress\/wp-content\/uploads\/2025\/06\/DSC_0592-300x201.jpg 300w, https:\/\/www.volleyball-ostsee-schmuck.de\/wordpress\/wp-content\/uploads\/2025\/06\/DSC_0592-1024x685.jpg 1024w, https:\/\/www.volleyball-ostsee-schmuck.de\/wordpress\/wp-content\/uploads\/2025\/06\/DSC_0592-768x514.jpg 768w, https:\/\/www.volleyball-ostsee-schmuck.de\/wordpress\/wp-content\/uploads\/2025\/06\/DSC_0592-1536x1028.jpg 1536w, https:\/\/www.volleyball-ostsee-schmuck.de\/wordpress\/wp-content\/uploads\/2025\/06\/DSC_0592-2048x1371.jpg 2048w\" sizes=\"(max-width: 2560px) 100vw, 2560px\" \/><\/a><\/figure><div class=\"elementor-image-box-content\"><h3 class=\"elementor-image-box-title\"><a href=\"https:\/\/www.volleyball-ostsee-schmuck.de\/?page_id=2222\">Bonsai-Beach-Cup 2025<\/a><\/h3><p class=\"elementor-image-box-description\">Hier kommt ihr zur allen Bildern vom Bonsai-Beach-Cup 2025.<\/p><\/div><\/div>\t\t\t\t<\/div>\n\t\t\t\t<\/div>\n\t\t\t\t<div class=\"elementor-element elementor-element-f35aa99 elementor-position-top elementor-widget elementor-widget-image-box\" data-id=\"f35aa99\" data-element_type=\"widget\" data-widget_type=\"image-box.default\">\n\t\t\t\t<div class=\"elementor-widget-container\">\n\t\t\t\t\t<div class=\"elementor-image-box-wrapper\"><figure class=\"elementor-image-box-img\"><a href=\"https:\/\/www.volleyball-ostsee-schmuck.de\/?page_id=931\" tabindex=\"-1\"><img decoding=\"async\" width=\"1024\" height=\"709\" src=\"https:\/\/www.volleyball-ostsee-schmuck.de\/wordpress\/wp-content\/uploads\/2025\/05\/X_IMG_5920_PS.jpg\" class=\"attachment-full size-full wp-image-1234\" alt=\"\" srcset=\"https:\/\/www.volleyball-ostsee-schmuck.de\/wordpress\/wp-content\/uploads\/2025\/05\/X_IMG_5920_PS.jpg 1024w, https:\/\/www.volleyball-ostsee-schmuck.de\/wordpress\/wp-content\/uploads\/2025\/05\/X_IMG_5920_PS-300x208.jpg 300w, https:\/\/www.volleyball-ostsee-schmuck.de\/wordpress\/wp-content\/uploads\/2025\/05\/X_IMG_5920_PS-768x532.jpg 768w\" sizes=\"(max-width: 1024px) 100vw, 1024px\" \/><\/a><\/figure><div class=\"elementor-image-box-content\"><h3 class=\"elementor-image-box-title\"><a href=\"https:\/\/www.volleyball-ostsee-schmuck.de\/?page_id=931\">Muschelmix 2025<\/a><\/h3><p class=\"elementor-image-box-description\">Hier kommt ihr zur allen Bildern vom MuschelMix 2025.<\/p><\/div><\/div>\t\t\t\t<\/div>\n\t\t\t\t<\/div>\n\t\t\t\t<div class=\"elementor-element elementor-element-cb2f710 elementor-position-top elementor-widget elementor-widget-image-box\" data-id=\"cb2f710\" data-element_type=\"widget\" data-widget_type=\"image-box.default\">\n\t\t\t\t<div class=\"elementor-widget-container\">\n\t\t\t\t\t<div class=\"elementor-image-box-wrapper\"><figure class=\"elementor-image-box-img\"><a href=\"https:\/\/www.volleyball-ostsee-schmuck.de\/?page_id=1435\" tabindex=\"-1\"><img decoding=\"async\" width=\"1200\" height=\"800\" src=\"https:\/\/www.volleyball-ostsee-schmuck.de\/wordpress\/wp-content\/uploads\/2025\/05\/DIER_270.jpg\" class=\"attachment-full size-full wp-image-1449\" alt=\"\" srcset=\"https:\/\/www.volleyball-ostsee-schmuck.de\/wordpress\/wp-content\/uploads\/2025\/05\/DIER_270.jpg 1200w, https:\/\/www.volleyball-ostsee-schmuck.de\/wordpress\/wp-content\/uploads\/2025\/05\/DIER_270-300x200.jpg 300w, https:\/\/www.volleyball-ostsee-schmuck.de\/wordpress\/wp-content\/uploads\/2025\/05\/DIER_270-1024x683.jpg 1024w, https:\/\/www.volleyball-ostsee-schmuck.de\/wordpress\/wp-content\/uploads\/2025\/05\/DIER_270-768x512.jpg 768w\" sizes=\"(max-width: 1200px) 100vw, 1200px\" \/><\/a><\/figure><div class=\"elementor-image-box-content\"><h3 class=\"elementor-image-box-title\"><a href=\"https:\/\/www.volleyball-ostsee-schmuck.de\/?page_id=1435\">Bonsai Beach Cup 2024<\/a><\/h3><p class=\"elementor-image-box-description\">Hier kommt ihr zur allen Bildern vom Bonsai Beach Cup 2024.<\/p><\/div><\/div>\t\t\t\t<\/div>\n\t\t\t\t<\/div>\n\t\t\t\t<div class=\"elementor-element elementor-element-c3af356 elementor-position-top elementor-widget elementor-widget-image-box\" data-id=\"c3af356\" data-element_type=\"widget\" data-widget_type=\"image-box.default\">\n\t\t\t\t<div class=\"elementor-widget-container\">\n\t\t\t\t\t<div class=\"elementor-image-box-wrapper\"><figure class=\"elementor-image-box-img\"><a href=\"https:\/\/www.volleyball-ostsee-schmuck.de\/?page_id=614\" tabindex=\"-1\"><img loading=\"lazy\" decoding=\"async\" width=\"2560\" height=\"1707\" src=\"https:\/\/www.volleyball-ostsee-schmuck.de\/wordpress\/wp-content\/uploads\/2023\/05\/DSC01836-scaled.jpg\" class=\"attachment-full size-full wp-image-848\" alt=\"\" srcset=\"https:\/\/www.volleyball-ostsee-schmuck.de\/wordpress\/wp-content\/uploads\/2023\/05\/DSC01836-scaled.jpg 2560w, https:\/\/www.volleyball-ostsee-schmuck.de\/wordpress\/wp-content\/uploads\/2023\/05\/DSC01836-300x200.jpg 300w, https:\/\/www.volleyball-ostsee-schmuck.de\/wordpress\/wp-content\/uploads\/2023\/05\/DSC01836-1024x683.jpg 1024w, https:\/\/www.volleyball-ostsee-schmuck.de\/wordpress\/wp-content\/uploads\/2023\/05\/DSC01836-768x512.jpg 768w, https:\/\/www.volleyball-ostsee-schmuck.de\/wordpress\/wp-content\/uploads\/2023\/05\/DSC01836-1536x1024.jpg 1536w, https:\/\/www.volleyball-ostsee-schmuck.de\/wordpress\/wp-content\/uploads\/2023\/05\/DSC01836-2048x1365.jpg 2048w\" sizes=\"(max-width: 2560px) 100vw, 2560px\" \/><\/a><\/figure><div class=\"elementor-image-box-content\"><h3 class=\"elementor-image-box-title\"><a href=\"https:\/\/www.volleyball-ostsee-schmuck.de\/?page_id=614\">Muschelmix 2022<\/a><\/h3><p class=\"elementor-image-box-description\">Hier kommt ihr zur allen Bildern vom MuschelMix 2022.<\/p><\/div><\/div>\t\t\t\t<\/div>\n\t\t\t\t<\/div>\n\t\t\t\t\t<\/div>\n\t\t<\/div>\n\t\t\t\t\t<\/div>\n\t\t<\/section>\n\t\t\t\t<\/div>\n\t\t","protected":false},"excerpt":{"rendered":"<p>Nach dem Motto &#8211; &#8222;alle Jahre wieder&#8230;&#8220; &#8230; richten wir regelm\u00e4\u00dfig unser beliebtes Mixturnier &#8222;MuschelMix&#8220;, sowie den legend\u00e4ren &#8222;Bonsai-Beach-Cup Dierhagen&#8220; aus.\u00a0 Im Sommer findet f\u00fcr unsere Kids jedes Jahr in der ersten Ferienwoche das Jugend Beach Camp statt. Au\u00dferdem freuen wir uns jedes Jahr erneut auf die Teilnahme am &#8222;Volleyballsommer in Wittenberge&#8220;. Bonsai-Beach-Cup 2025 Hier kommt ihr zur allen Bildern vom Bonsai-Beach-Cup 2025. Muschelmix 2025 Hier kommt ihr zur allen Bildern vom MuschelMix 2025. Bonsai Beach Cup 2024 Hier kommt ihr zur allen Bildern vom Bonsai Beach Cup 2024. Muschelmix 2022 Hier kommt ihr zur allen Bildern vom MuschelMix 2022.<\/p>\n","protected":false},"author":2,"featured_media":0,"parent":0,"menu_order":0,"comment_status":"closed","ping_status":"closed","template":"","meta":{"footnotes":""},"class_list":["post-387","page","type-page","status-publish"],"_links":{"self":[{"href":"https:\/\/www.volleyball-ostsee-schmuck.de\/index.php?rest_route=\/wp\/v2\/pages\/387","targetHints":{"allow":["GET"]}}],"collection":[{"href":"https:\/\/www.volleyball-ostsee-schmuck.de\/index.php?rest_route=\/wp\/v2\/pages"}],"about":[{"href":"https:\/\/www.volleyball-ostsee-schmuck.de\/index.php?rest_route=\/wp\/v2\/types\/page"}],"author":[{"embeddable":true,"href":"https:\/\/www.volleyball-ostsee-schmuck.de\/index.php?rest_route=\/wp\/v2\/users\/2"}],"replies":[{"embeddable":true,"href":"https:\/\/www.volleyball-ostsee-schmuck.de\/index.php?rest_route=%2Fwp%2Fv2%2Fcomments&post=387"}],"version-history":[{"count":27,"href":"https:\/\/www.volleyball-ostsee-schmuck.de\/index.php?rest_route=\/wp\/v2\/pages\/387\/revisions"}],"predecessor-version":[{"id":2238,"href":"https:\/\/www.volleyball-ostsee-schmuck.de\/index.php?rest_route=\/wp\/v2\/pages\/387\/revisions\/2238"}],"wp:attachment":[{"href":"https:\/\/www.volleyball-ostsee-schmuck.de\/index.php?rest_route=%2Fwp%2Fv2%2Fmedia&parent=387"}],"curies":[{"name":"wp","href":"https:\/\/api.w.org\/{rel}","templated":true}]}}